{"id":2154,"date":"2024-06-26T14:57:11","date_gmt":"2024-06-26T12:57:11","guid":{"rendered":"https:\/\/arttalo-tech.com\/ethik-kanal\/"},"modified":"2025-02-10T09:19:13","modified_gmt":"2025-02-10T07:19:13","slug":"beschwerdekanal","status":"publish","type":"page","link":"https:\/\/arttalo-tech.com\/de\/beschwerdekanal\/","title":{"rendered":"Beschwerdekanal"},"content":{"rendered":"<p>[et_pb_section fb_built=&#8220;1&#8243; _builder_version=&#8220;4.25.1&#8243; _module_preset=&#8220;default&#8220; custom_padding=&#8220;||0px||false|false&#8220; global_colors_info=&#8220;{}&#8220;][\/et_pb_section][et_pb_section fb_built=&#8220;1&#8243; module_class=&#8220;pagines-legals&#8220; _builder_version=&#8220;4.25.1&#8243; _module_preset=&#8220;default&#8220; global_colors_info=&#8220;{}&#8220;][et_pb_row _builder_version=&#8220;4.25.1&#8243; _module_preset=&#8220;default&#8220; global_colors_info=&#8220;{}&#8220;][et_pb_column type=&#8220;4_4&#8243; _builder_version=&#8220;4.25.1&#8243; _module_preset=&#8220;default&#8220; global_colors_info=&#8220;{}&#8220;][et_pb_cta title=&#8220;Beschwerdekanal&#8220; _builder_version=&#8220;4.27.4&#8243; _module_preset=&#8220;default&#8220; header_level=&#8220;h1&#8243; hover_enabled=&#8220;0&#8243; global_colors_info=&#8220;{}&#8220; sticky_enabled=&#8220;0&#8243;]Bei arttalo TECH stellen wir Kunden, Lieferanten und Arbeitnehmern einen Beschwerdekanal zur Verf\u00fcgung.<\/p>\n<p>Dieser Kanal erm\u00f6glicht es Ihnen, Fragen oder Anfragen zu Ethik und Compliance sowie potenziell unregelm\u00e4\u00dfige Aktivit\u00e4ten und Verhaltensweisen zu senden. Wenn Sie m\u00f6chten, kann die Kommunikation anonym erfolgen.<\/p>\n<p>Alle Mitteilungen werden von Isabel Justicia Cano (Personalverantwortliche bei arttalo TECH) sorgf\u00e4ltig, gewissenhaft und vertraulich behandelt. Die maximale Antwortzeit betr\u00e4gt einen Monat, in besonders komplexen F\u00e4llen zwei Monate.<\/p>\n<p>In allen F\u00e4llen wird ein detailliertes und auf bew\u00e4hrten Verfahren basierendes Protokoll angewendet, um eine strukturierte Antwort und Bearbeitung zu gew\u00e4hrleisten.<\/p>\n<p>Dieser Kanal ist nicht f\u00fcr kommerzielle Anfragen bestimmt. F\u00fcr diese Angelegenheiten verwenden Sie bitte das <a href=\"https:\/\/arttalo-tech.com\/de\/kontakt\/\">Kontaktformular<\/a>.<\/p>\n<p>Konsultieren Sie die <a href=\"https:\/\/arttalo-tech.com\/de\/richtlinie-zum-beschwerdekanal\/\">Whistleblowing-Kanalrichtlinie<\/a>.[\/et_pb_cta][\/et_pb_column][\/et_pb_row][et_pb_row module_class=&#8220;container-ethic-form&#8220; _builder_version=&#8220;4.25.1&#8243; _module_preset=&#8220;default&#8220; global_colors_info=&#8220;{}&#8220;][et_pb_column type=&#8220;4_4&#8243; _builder_version=&#8220;4.25.1&#8243; _module_preset=&#8220;default&#8220; global_colors_info=&#8220;{}&#8220;][et_pb_text _builder_version=&#8220;4.25.1&#8243; _module_preset=&#8220;default&#8220; global_colors_info=&#8220;{}&#8220;]<script type=\"text\/javascript\">\n\/* <![CDATA[ *\/\nvar gform;gform||(document.addEventListener(\"gform_main_scripts_loaded\",function(){gform.scriptsLoaded=!0}),document.addEventListener(\"gform\/theme\/scripts_loaded\",function(){gform.themeScriptsLoaded=!0}),window.addEventListener(\"DOMContentLoaded\",function(){gform.domLoaded=!0}),gform={domLoaded:!1,scriptsLoaded:!1,themeScriptsLoaded:!1,isFormEditor:()=>\"function\"==typeof InitializeEditor,callIfLoaded:function(o){return!(!gform.domLoaded||!gform.scriptsLoaded||!gform.themeScriptsLoaded&&!gform.isFormEditor()||(gform.isFormEditor()&&console.warn(\"The use of gform.initializeOnLoaded() is deprecated in the form editor context and will be removed in Gravity Forms 3.1.\"),o(),0))},initializeOnLoaded:function(o){gform.callIfLoaded(o)||(document.addEventListener(\"gform_main_scripts_loaded\",()=>{gform.scriptsLoaded=!0,gform.callIfLoaded(o)}),document.addEventListener(\"gform\/theme\/scripts_loaded\",()=>{gform.themeScriptsLoaded=!0,gform.callIfLoaded(o)}),window.addEventListener(\"DOMContentLoaded\",()=>{gform.domLoaded=!0,gform.callIfLoaded(o)}))},hooks:{action:{},filter:{}},addAction:function(o,r,e,t){gform.addHook(\"action\",o,r,e,t)},addFilter:function(o,r,e,t){gform.addHook(\"filter\",o,r,e,t)},doAction:function(o){gform.doHook(\"action\",o,arguments)},applyFilters:function(o){return gform.doHook(\"filter\",o,arguments)},removeAction:function(o,r){gform.removeHook(\"action\",o,r)},removeFilter:function(o,r,e){gform.removeHook(\"filter\",o,r,e)},addHook:function(o,r,e,t,n){null==gform.hooks[o][r]&&(gform.hooks[o][r]=[]);var d=gform.hooks[o][r];null==n&&(n=r+\"_\"+d.length),gform.hooks[o][r].push({tag:n,callable:e,priority:t=null==t?10:t})},doHook:function(r,o,e){var t;if(e=Array.prototype.slice.call(e,1),null!=gform.hooks[r][o]&&((o=gform.hooks[r][o]).sort(function(o,r){return o.priority-r.priority}),o.forEach(function(o){\"function\"!=typeof(t=o.callable)&&(t=window[t]),\"action\"==r?t.apply(null,e):e[0]=t.apply(null,e)})),\"filter\"==r)return e[0]},removeHook:function(o,r,t,n){var e;null!=gform.hooks[o][r]&&(e=(e=gform.hooks[o][r]).filter(function(o,r,e){return!!(null!=n&&n!=o.tag||null!=t&&t!=o.priority)}),gform.hooks[o][r]=e)}});\n\/* ]]> *\/\n<\/script>\n\n                <div class='gf_browser_gecko gform_wrapper gravity-theme gform-theme--no-framework' data-form-theme='gravity-theme' data-form-index='0' id='gform_wrapper_2' ><div id='gf_2' class='gform_anchor' tabindex='-1'><\/div>\n                        <div class='gform_heading'>\n                            <p class='gform_description'><\/p>\n                        <\/div><form method='post' enctype='multipart\/form-data' target='gform_ajax_frame_2' id='gform_2'  action='\/de\/wp-json\/wp\/v2\/pages\/2154#gf_2' data-formid='2' novalidate><div class='gf_invisible ginput_recaptchav3' data-sitekey='6Lel1mgpAAAAAHB3gD47IhONW38-lHrWlKT_4Wxf' data-tabindex='0'><input id=\"input_e2b319fd2e41264554e8d155ce5222e0\" class=\"gfield_recaptcha_response\" type=\"hidden\" name=\"input_e2b319fd2e41264554e8d155ce5222e0\" value=\"\"\/><\/div>\n                        <div class='gform-body gform_body'><div id='gform_fields_2' class='gform_fields top_label form_sublabel_below description_below validation_below'><div id=\"field_2_1\" class=\"gfield gfield--type-textarea gfield--input-type-textarea gfield_contains_required field_sublabel_below gfield--no-description field_description_below field_validation_below gfield_visibility_visible\"  ><label class='gfield_label gform-field-label' for='input_2_1'>Gemeldetes Ereignis*<span class=\"gfield_required\"><span class=\"gfield_required gfield_required_text\">(erforderlich)<\/span><\/span><\/label><div class='ginput_container ginput_container_textarea'><textarea name='input_1' id='input_2_1' class='textarea medium'     aria-required=\"true\" aria-invalid=\"false\"   rows='10' cols='50'><\/textarea><\/div><\/div><div id=\"field_2_3\" class=\"gfield gfield--type-text gfield--input-type-text gfield--width-third gfield_contains_required field_sublabel_below gfield--no-description field_description_below field_validation_below gfield_visibility_visible\"  ><label class='gfield_label gform-field-label' for='input_2_3'>Ort des Vorfalls*<span class=\"gfield_required\"><span class=\"gfield_required gfield_required_text\">(erforderlich)<\/span><\/span><\/label><div class='ginput_container ginput_container_text'><input name='input_3' id='input_2_3' type='text' value='' class='large'     aria-required=\"true\" aria-invalid=\"false\"   \/><\/div><\/div><div id=\"field_2_4\" class=\"gfield gfield--type-text gfield--input-type-text gfield--width-third gfield_contains_required field_sublabel_below gfield--no-description field_description_below field_validation_below gfield_visibility_visible\"  ><label class='gfield_label gform-field-label' for='input_2_4'>Ungef\u00e4hres Datum des Vorfalls*<span class=\"gfield_required\"><span class=\"gfield_required gfield_required_text\">(erforderlich)<\/span><\/span><\/label><div class='ginput_container ginput_container_text'><input name='input_4' id='input_2_4' type='text' value='' class='large'     aria-required=\"true\" aria-invalid=\"false\"   \/><\/div><\/div><div id=\"field_2_5\" class=\"gfield gfield--type-text gfield--input-type-text gfield--width-third gfield_contains_required field_sublabel_below gfield--no-description field_description_below field_validation_below gfield_visibility_visible\"  ><label class='gfield_label gform-field-label' for='input_2_5'>Beteiligte Personen*<span class=\"gfield_required\"><span class=\"gfield_required gfield_required_text\">(erforderlich)<\/span><\/span><\/label><div class='ginput_container ginput_container_text'><input name='input_5' id='input_2_5' type='text' value='' class='large'     aria-required=\"true\" aria-invalid=\"false\"   \/><\/div><\/div><div id=\"field_2_6\" class=\"gfield gfield--type-fileupload gfield--input-type-fileupload field_sublabel_below gfield--no-description field_description_below field_validation_below gfield_visibility_visible\"  ><label class='gfield_label gform-field-label' for='gform_browse_button_2_6'>Relevante Dokumentation oder Fotos<\/label><div class='ginput_container ginput_container_fileupload'><div id='gform_multifile_upload_2_6' data-settings='{&quot;runtimes&quot;:&quot;html5,flash,html4&quot;,&quot;browse_button&quot;:&quot;gform_browse_button_2_6&quot;,&quot;container&quot;:&quot;gform_multifile_upload_2_6&quot;,&quot;drop_element&quot;:&quot;gform_drag_drop_area_2_6&quot;,&quot;filelist&quot;:&quot;gform_preview_2_6&quot;,&quot;unique_names&quot;:true,&quot;file_data_name&quot;:&quot;file&quot;,&quot;url&quot;:&quot;https:\\\/\\\/arttalo-tech.com\\\/de\\\/?gf_page=055628802035979&quot;,&quot;flash_swf_url&quot;:&quot;https:\\\/\\\/arttalo-tech.com\\\/wp-includes\\\/js\\\/plupload\\\/plupload.flash.swf&quot;,&quot;silverlight_xap_url&quot;:&quot;https:\\\/\\\/arttalo-tech.com\\\/wp-includes\\\/js\\\/plupload\\\/plupload.silverlight.xap&quot;,&quot;filters&quot;:{&quot;mime_types&quot;:[{&quot;title&quot;:&quot;Erlaubte Dateitypen&quot;,&quot;extensions&quot;:&quot;jpg,png,pdf,zip&quot;}],&quot;max_file_size&quot;:&quot;67108864b&quot;},&quot;multipart&quot;:true,&quot;urlstream_upload&quot;:false,&quot;multipart_params&quot;:{&quot;form_id&quot;:2,&quot;field_id&quot;:6,&quot;_gform_file_upload_nonce_2_6&quot;:&quot;a7bd0e6d2b&quot;},&quot;gf_vars&quot;:{&quot;max_files&quot;:0,&quot;message_id&quot;:&quot;gform_multifile_messages_2_6&quot;,&quot;disallowed_extensions&quot;:[&quot;php&quot;,&quot;asp&quot;,&quot;aspx&quot;,&quot;cmd&quot;,&quot;csh&quot;,&quot;bat&quot;,&quot;html&quot;,&quot;htm&quot;,&quot;hta&quot;,&quot;jar&quot;,&quot;exe&quot;,&quot;com&quot;,&quot;js&quot;,&quot;lnk&quot;,&quot;htaccess&quot;,&quot;phar&quot;,&quot;phtml&quot;,&quot;ps1&quot;,&quot;ps2&quot;,&quot;php3&quot;,&quot;php4&quot;,&quot;php5&quot;,&quot;php6&quot;,&quot;py&quot;,&quot;rb&quot;,&quot;tmp&quot;]}}' class='gform_fileupload_multifile'>\n\t\t\t\t\t\t\t\t\t\t<div id='gform_drag_drop_area_2_6' class='gform_drop_area gform-theme-field-control'>\n\t\t\t\t\t\t\t\t\t\t\t<span class='gform_drop_instructions'>Ziehe Dateien hier her oder <\/span>\n\t\t\t\t\t\t\t\t\t\t\t<button type='button' id='gform_browse_button_2_6' class='button gform_button_select_files gform-theme-button gform-theme-button--control' aria-describedby=\"gfield_upload_rules_2_6\"  >W\u00e4hle Dateien aus<\/button>\n\t\t\t\t\t\t\t\t\t\t<\/div>\n\t\t\t\t\t\t\t\t\t<\/div><span class='gfield_description gform_fileupload_rules' id='gfield_upload_rules_2_6'>Akzeptierte Dateitypen: jpg, png, pdf, zip, Max. Dateigr\u00f6\u00dfe: 64 MB.<\/span><ul class='validation_message--hidden-on-empty gform-ul-reset' id='gform_multifile_messages_2_6'><\/ul> <div id='gform_preview_2_6' class='ginput_preview_list'><\/div><\/div><\/div><div id=\"field_2_7\" class=\"gfield gfield--type-text gfield--input-type-text gfield--width-third field_sublabel_below gfield--no-description field_description_below field_validation_below gfield_visibility_visible\"  ><label class='gfield_label gform-field-label' for='input_2_7'>Vorname und Nachname<\/label><div class='ginput_container ginput_container_text'><input name='input_7' id='input_2_7' type='text' value='' class='large'      aria-invalid=\"false\"   \/><\/div><\/div><div id=\"field_2_8\" class=\"gfield gfield--type-phone gfield--input-type-phone gfield--width-third field_sublabel_below gfield--no-description field_description_below field_validation_below gfield_visibility_visible\"  ><label class='gfield_label gform-field-label' for='input_2_8'>Telefon<\/label><div class='ginput_container ginput_container_phone'><input name='input_8' id='input_2_8' type='tel' value='' class='large'    aria-invalid=\"false\"   \/><\/div><\/div><div id=\"field_2_9\" class=\"gfield gfield--type-email gfield--input-type-email gfield--width-third field_sublabel_below gfield--no-description field_description_below field_validation_below gfield_visibility_visible\"  ><label class='gfield_label gform-field-label' for='input_2_9'>E-Mail<\/label><div class='ginput_container ginput_container_email'>\n                            <input name='input_9' id='input_2_9' type='email' value='' class='large'     aria-invalid=\"false\"  \/>\n                        <\/div><\/div><fieldset id=\"field_2_10\" class=\"gfield gfield--type-consent gfield--type-choice gfield--input-type-consent gfield--width-full gfield_contains_required field_sublabel_below gfield--has-description field_description_below field_validation_below gfield_visibility_visible\"  ><legend class='gfield_label gform-field-label gfield_label_before_complex' >Einwilligung<span class=\"gfield_required\"><span class=\"gfield_required gfield_required_text\">(erforderlich)<\/span><\/span><\/legend><div class='ginput_container ginput_container_consent'><input name='input_10.1' id='input_2_10_1' type='checkbox' value='1'  aria-describedby=\"gfield_consent_description_2_10\" aria-required=\"true\" aria-invalid=\"false\"   \/> <label class=\"gform-field-label gform-field-label--type-inline gfield_consent_label\" for='input_2_10_1' >In der <a href=\"https:\/\/arttalo-tech.com\/de\/datenschutzrichtlinie\/\" target=\"_blank\">Zwischenzeit<\/a> versichern wir Ihnen, dass wir uns bem\u00fchen, alle gemeldeten Probleme zu untersuchen und zu l\u00f6sen.<\/label><input type='hidden' name='input_10.2' value='In der &lt;a href=&quot;https:\/\/arttalo-tech.com\/de\/datenschutzrichtlinie\/&quot; target=&quot;_blank&quot;&gt;Zwischenzeit&lt;\/a&gt; versichern wir Ihnen, dass wir uns bem\u00fchen, alle gemeldeten Probleme zu untersuchen und zu l\u00f6sen.' class='gform_hidden' \/><input type='hidden' name='input_10.3' value='7' class='gform_hidden' \/><\/div><div class='gfield_description gfield_consent_description' id='gfield_consent_description_2_10' tabindex='0'>Alle mit einem Sternchen (*) gekennzeichneten Felder sind Pflichtfelder. Das Ausf\u00fcllen der nicht obligatorischen Felder wird uns helfen, den Sachverhalt besser zu ermitteln.<br \/>\n<br \/>\nGem\u00e4\u00df den Bestimmungen der Artikel 13 und 14 der Verordnung (EU) 2016\/679 des Europ\u00e4ischen Parlaments und des Rates vom 27. April 2016 (GDPR) und Artikel 11 des Organgesetzes 3\/2018 vom 5. Dezember \u00fcber den Datenschutz und die Garantie der digitalen Rechte (LOPDGDD), das den Schutz nat\u00fcrlicher Personen bei der Verarbeitung personenbezogener Daten und den freien Verkehr dieser Daten betrifft, informiert arttalo TECH als Verantwortlicher f\u00fcr die \u00fcbermittelten Daten:<br \/>\n<br \/>\nVERANTWORTLICH: arttalo-TECH Sie k\u00f6nnen den Datenschutzbeauftragten (DSB) per E-Mail unter <a href=\"mailto:canaldenuncias@arttalo-tech.com\">canaldenuncias@arttalo-tech.com<\/a> kontaktieren.<br \/>\n<br \/>\nZWECK: Empfang, Verwaltung und Speicherung des Beschwerdekanal. HERKUNFT: Betroffene Person. EMPF\u00c4NGER: Es sind keine Daten\u00fcbermittlungen an Dritte vorgesehen, au\u00dfer bei gesetzlicher Verpflichtung. Im Falle der Ber\u00fccksichtigung dieser M\u00f6glichkeit wird eine Einwilligung eingeholt. RECHTE: Zugang, Berichtigung, L\u00f6schung, Einschr\u00e4nkung, Widerspruch und Daten\u00fcbertragbarkeit sowie andere Rechte, die im Abschnitt Datenschutz- und Vertraulichkeitspolitik personenbezogener Daten unserer <a href=\"https:\/\/arttalo-tech.com\/de\/datenschutzrichtlinie\/\" target=\"_blank\">Datenschutzerkl\u00e4rung<\/a> \u2013 <a href=\"https:\/\/arttalo-tech.com\/de\/rechtliche-warnung\/\" target=\"_blank\">rechtlicher Hinweis<\/a> \u2013 erl\u00e4utert werden.<br \/>\n<br \/>\n <br \/>\n<\/div><\/fieldset><\/div><\/div>\n        <div class='gform-footer gform_footer top_label'> <input type='submit' id='gform_submit_button_2' class='gform_button button' onclick='gform.submission.handleButtonClick(this);' data-submission-type='submit' value='Senden'  \/> <input type='hidden' name='gform_ajax' value='form_id=2&amp;title=&amp;description=1&amp;tabindex=0&amp;theme=gravity-theme&amp;styles=[]&amp;hash=d639f2dcf1b7816a0db3c5f97114d4f7' \/>\n            <input type='hidden' class='gform_hidden' name='gform_submission_method' data-js='gform_submission_method_2' value='iframe' \/>\n            <input type='hidden' class='gform_hidden' name='gform_theme' data-js='gform_theme_2' id='gform_theme_2' value='gravity-theme' \/>\n            <input type='hidden' class='gform_hidden' name='gform_style_settings' data-js='gform_style_settings_2' id='gform_style_settings_2' value='[]' \/>\n            <input type='hidden' class='gform_hidden' name='is_submit_2' value='1' \/>\n            <input type='hidden' class='gform_hidden' name='gform_submit' value='2' \/>\n            \n            <input type='hidden' class='gform_hidden' name='gform_currency' data-currency='EUR' value='stJHIau0XHalTx3YokJISn+W2yO41ZiZOZTHjycgj0E6oQkjn3xMjjvdLqCHO+y+MlGCnzU32DWtiKggWvYz\/W258sp\/Os19VgrAZnoVRBNBnK8=' \/>\n            <input type='hidden' class='gform_hidden' name='gform_unique_id' value='' \/>\n            <input type='hidden' class='gform_hidden' name='state_2' value='WyJ7XCIxMC4xXCI6XCI1YzA3NGYyNGI5YWVhZDU2Njc2NjYzNmJjM2Q3YzQwMFwiLFwiMTAuMlwiOlwiOTY1OGE1YzQzZjZiZTExNzZkZTY0ZTZkYjkwNzk0MzJcIixcIjEwLjNcIjpcImIwN2Y1NzQzN2FkNjZiZThlZTU3MGQwMzFiOGJiZDUzXCJ9IiwiZWFlZjZkNzMyYzlhMWExNTExMjVjNjI5NTEwNTU3ZTMiXQ==' \/>\n            <input type='hidden' autocomplete='off' class='gform_hidden' name='gform_target_page_number_2' id='gform_target_page_number_2' value='0' \/>\n            <input type='hidden' autocomplete='off' class='gform_hidden' name='gform_source_page_number_2' id='gform_source_page_number_2' value='1' \/>\n            <input type='hidden' name='gform_field_values' value='' \/>\n            <input type='hidden' name='gform_uploaded_files' id='gform_uploaded_files_2' value='' \/>\n        <\/div>\n                        <\/form>\n                        <\/div>\n\t\t                <iframe style='display:none;width:0px;height:0px;' src='about:blank' name='gform_ajax_frame_2' id='gform_ajax_frame_2' title='Dieser iframe enth\u00e4lt die erforderliche Logik um Gravity Forms Formulare mit AJAX zu handhaben.'><\/iframe>\n\t\t                <script type=\"text\/javascript\">\n\/* <![CDATA[ *\/\n gform.initializeOnLoaded( function() {gformInitSpinner( 2, 'https:\/\/arttalo-tech.com\/wp-content\/plugins\/gravityforms\/images\/spinner.svg', true );jQuery('#gform_ajax_frame_2').on('load',function(){var contents = jQuery(this).contents().find('*').html();var is_postback = contents.indexOf('GF_AJAX_POSTBACK') >= 0;if(!is_postback){return;}var form_content = jQuery(this).contents().find('#gform_wrapper_2');var is_confirmation = jQuery(this).contents().find('#gform_confirmation_wrapper_2').length > 0;var is_redirect = contents.indexOf('gformRedirect(){') >= 0;var is_form = form_content.length > 0 && ! is_redirect && ! is_confirmation;var mt = parseInt(jQuery('html').css('margin-top'), 10) + parseInt(jQuery('body').css('margin-top'), 10) + 100;if(is_form){jQuery('#gform_wrapper_2').html(form_content.html());if(form_content.hasClass('gform_validation_error')){jQuery('#gform_wrapper_2').addClass('gform_validation_error');} else {jQuery('#gform_wrapper_2').removeClass('gform_validation_error');}setTimeout( function() { \/* delay the scroll by 50 milliseconds to fix a bug in chrome *\/ jQuery(document).scrollTop(jQuery('#gform_wrapper_2').offset().top - mt); }, 50 );if(window['gformInitDatepicker']) {gformInitDatepicker();}if(window['gformInitPriceFields']) {gformInitPriceFields();}var current_page = jQuery('#gform_source_page_number_2').val();gformInitSpinner( 2, 'https:\/\/arttalo-tech.com\/wp-content\/plugins\/gravityforms\/images\/spinner.svg', true );jQuery(document).trigger('gform_page_loaded', [2, current_page]);window['gf_submitting_2'] = false;}else if(!is_redirect){var confirmation_content = jQuery(this).contents().find('.GF_AJAX_POSTBACK').html();if(!confirmation_content){confirmation_content = contents;}jQuery('#gform_wrapper_2').replaceWith(confirmation_content);jQuery(document).scrollTop(jQuery('#gf_2').offset().top - mt);jQuery(document).trigger('gform_confirmation_loaded', [2]);window['gf_submitting_2'] = false;wp.a11y.speak(jQuery('#gform_confirmation_message_2').text());}else{jQuery('#gform_2').append(contents);if(window['gformRedirect']) {gformRedirect();}}jQuery(document).trigger(\"gform_pre_post_render\", [{ formId: \"2\", currentPage: \"current_page\", abort: function() { this.preventDefault(); } }]);        if (event && event.defaultPrevented) {                return;        }        const gformWrapperDiv = document.getElementById( \"gform_wrapper_2\" );        if ( gformWrapperDiv ) {            const visibilitySpan = document.createElement( \"span\" );            visibilitySpan.id = \"gform_visibility_test_2\";            gformWrapperDiv.insertAdjacentElement( \"afterend\", visibilitySpan );        }        const visibilityTestDiv = document.getElementById( \"gform_visibility_test_2\" );        let postRenderFired = false;        function triggerPostRender() {            if ( postRenderFired ) {                return;            }            postRenderFired = true;            gform.core.triggerPostRenderEvents( 2, current_page );            if ( visibilityTestDiv ) {                visibilityTestDiv.parentNode.removeChild( visibilityTestDiv );            }        }        function debounce( func, wait, immediate ) {            var timeout;            return function() {                var context = this, args = arguments;                var later = function() {                    timeout = null;                    if ( !immediate ) func.apply( context, args );                };                var callNow = immediate && !timeout;                clearTimeout( timeout );                timeout = setTimeout( later, wait );                if ( callNow ) func.apply( context, args );            };        }        const debouncedTriggerPostRender = debounce( function() {            triggerPostRender();        }, 200 );        if ( visibilityTestDiv && visibilityTestDiv.offsetParent === null ) {            const observer = new MutationObserver( ( mutations ) => {                mutations.forEach( ( mutation ) => {                    if ( mutation.type === 'attributes' && visibilityTestDiv.offsetParent !== null ) {                        debouncedTriggerPostRender();                        observer.disconnect();                    }                });            });            observer.observe( document.body, {                attributes: true,                childList: false,                subtree: true,                attributeFilter: [ 'style', 'class' ],            });        } else {            triggerPostRender();        }    } );} ); \n\/* ]]> *\/\n<\/script>\n[\/et_pb_text][\/et_pb_column][\/et_pb_row][\/et_pb_section]<\/p>\n","protected":false},"excerpt":{"rendered":"<p>Bei arttalo TECH stellen wir Kunden, Lieferanten und Arbeitnehmern einen Beschwerdekanal zur Verf\u00fcgung. Dieser Kanal erm\u00f6glicht es Ihnen, Fragen oder Anfragen zu Ethik und Compliance sowie potenziell unregelm\u00e4\u00dfige Aktivit\u00e4ten und Verhaltensweisen zu senden. Wenn Sie m\u00f6chten, kann die Kommunikation anonym erfolgen. Alle Mitteilungen werden von Isabel Justicia Cano (Personalverantwortliche bei arttalo TECH) sorgf\u00e4ltig, gewissenhaft und [&hellip;]<\/p>\n","protected":false},"author":3,"featured_media":0,"parent":0,"menu_order":0,"comment_status":"closed","ping_status":"closed","template":"","meta":{"_et_pb_use_builder":"on","_et_pb_old_content":"","_et_gb_content_width":"","footnotes":""},"class_list":["post-2154","page","type-page","status-publish","hentry"],"_links":{"self":[{"href":"https:\/\/arttalo-tech.com\/de\/wp-json\/wp\/v2\/pages\/2154","targetHints":{"allow":["GET"]}}],"collection":[{"href":"https:\/\/arttalo-tech.com\/de\/wp-json\/wp\/v2\/pages"}],"about":[{"href":"https:\/\/arttalo-tech.com\/de\/wp-json\/wp\/v2\/types\/page"}],"author":[{"embeddable":true,"href":"https:\/\/arttalo-tech.com\/de\/wp-json\/wp\/v2\/users\/3"}],"replies":[{"embeddable":true,"href":"https:\/\/arttalo-tech.com\/de\/wp-json\/wp\/v2\/comments?post=2154"}],"version-history":[{"count":23,"href":"https:\/\/arttalo-tech.com\/de\/wp-json\/wp\/v2\/pages\/2154\/revisions"}],"predecessor-version":[{"id":9898,"href":"https:\/\/arttalo-tech.com\/de\/wp-json\/wp\/v2\/pages\/2154\/revisions\/9898"}],"wp:attachment":[{"href":"https:\/\/arttalo-tech.com\/de\/wp-json\/wp\/v2\/media?parent=2154"}],"curies":[{"name":"wp","href":"https:\/\/api.w.org\/{rel}","templated":true}]}}