{"id":1864,"date":"2023-12-18T13:45:07","date_gmt":"2023-12-18T11:45:07","guid":{"rendered":"https:\/\/arttalo-tech.com\/rechtliche-warnung\/"},"modified":"2024-11-14T09:43:10","modified_gmt":"2024-11-14T07:43:10","slug":"rechtliche-warnung","status":"publish","type":"page","link":"https:\/\/arttalo-tech.com\/de\/rechtliche-warnung\/","title":{"rendered":"Rechtliche Warnung"},"content":{"rendered":"<p>[et_pb_section fb_built=&#8220;1&#8243; _builder_version=&#8220;4.22.1&#8243; _module_preset=&#8220;default&#8220; global_colors_info=&#8220;{}&#8220;][et_pb_row _builder_version=&#8220;4.22.1&#8243; _module_preset=&#8220;default&#8220; custom_padding=&#8220;100px||||false|false&#8220; global_colors_info=&#8220;{}&#8220;][et_pb_column type=&#8220;4_4&#8243; _builder_version=&#8220;4.22.1&#8243; _module_preset=&#8220;default&#8220; global_colors_info=&#8220;{}&#8220;][et_pb_text _builder_version=&#8220;4.25.1&#8243; _module_preset=&#8220;default&#8220; hover_enabled=&#8220;0&#8243; global_colors_info=&#8220;{}&#8220; module_class=&#8220;pagines-legals&#8220; sticky_enabled=&#8220;0&#8243;]<\/p>\n<h1>Rechtliche Warnung<\/h1>\n<h2>Geistige und gewerbliche Eigentumsrechte<\/h2>\n<p>arttalo TECH ist Inhaber der geistigen und gewerblichen Eigentumsrechte aller Elemente, aus denen die Website besteht, einschlie\u00dflich der Marke, des Handelsnamens oder des Unterscheidungszeichens. Insbesondere und ohne Einschr\u00e4nkung, sind urheberrechtlich gesch\u00fctzt, Logos, Texte, Fotos, T\u00f6ne und andere Elemente auf der Website enthalten. <\/p>\n<p>In keinem Fall bedeutet der Zugriff oder die Navigation innerhalb der Website einen Verzicht, eine \u00dcbertragung oder eine vollst\u00e4ndige oder teilweise Lizenz von arttalo TECH zur pers\u00f6nlichen Nutzung seiner geistigen und gewerblichen Eigentumsrechte an den Benutzer.<\/p>\n<p>Daher erkennt der Benutzer an, dass die Vervielf\u00e4ltigung, Vervielf\u00e4ltigung, Verbreitung, Kommerzialisierung, Umwandlung, Wiederverwendung, \u00f6ffentliche Kommunikation und im Allgemeinen jede andere Form der Nutzung aller oder eines Teils der Inhalte der Website durch ein beliebiges Verfahren ausdr\u00fccklich und ohne Genehmigung gestattet ist schriftlich von arttalo TECH, stellt eine Verletzung seiner geistigen und\/oder gewerblichen Eigentumsrechte dar.<\/p>\n<h2>Datenschutz<\/h2>\n<p>In \u00dcbereinstimmung mit der geltenden Gesetzgebung zum Datenschutz sowie zu den Diensten der Informationsgesellschaft und zum elektronischen Handel akzeptiert der Nutzer, dass die pers\u00f6nlichen Daten, die er arttalo TECH zur Verf\u00fcgung stellt, in Dateien aufgenommen werden, deren Eigent\u00fcmer dieses Unternehmen ist, um die jeweils angeforderten und zum Zeitpunkt der Bereitstellung explizit genannten Dienste anzubieten und um ihn per E-Mail oder auf anderem Wege \u00fcber Neuigkeiten, Produkte und Dienste von arttalo TECH zu informieren. Im Falle kommerzieller Mitteilungen per E-Mail erkl\u00e4rt sich der Nutzer ausdr\u00fccklich mit der Zusendung von Werbung \u00fcber die vorgenannten Mittel einverstanden. <\/p>\n<p>Ebenso erteilt der Nutzer sein Einverst\u00e4ndnis, dass arttalo TECH seine Daten ausschlie\u00dflich zum Zweck der Verbesserung der Leistungserbringung unter Einhaltung der spanischen Gesetzgebung zum Schutz personenbezogener Daten \u00fcbermittelt.<\/p>\n<p>arttalo TECH verpflichtet sich, seiner Verpflichtung zur Geheimhaltung personenbezogener Daten nachzukommen und diese vertraulich zu behandeln, und ergreift zu diesem Zweck die erforderlichen technischen, organisatorischen und Sicherheitsma\u00dfnahmen, um deren \u00c4nderung, Verlust, Verarbeitung oder unbefugten Zugriff zu verhindern mit den Bestimmungen des Organgesetzes 15\/1999 vom 13. Dezember zum Schutz personenbezogener Daten und anderen geltenden Gesetzen.<\/p>\n<p>Jeder registrierte Benutzer kann jederzeit das Recht auf Zugang, Berichtigung und gegebenenfalls L\u00f6schung seiner bereitgestellten personenbezogenen Daten aus\u00fcben, indem er eine schriftliche Anfrage an arttalo TECH richtet.<\/p>\n<p>[\/et_pb_text][\/et_pb_column][\/et_pb_row][\/et_pb_section]<\/p>\n","protected":false},"excerpt":{"rendered":"<p>Rechtliche Warnung Geistige und gewerbliche Eigentumsrechte arttalo TECH ist Inhaber der geistigen und gewerblichen Eigentumsrechte aller Elemente, aus denen die Website besteht, einschlie\u00dflich der Marke, des Handelsnamens oder des Unterscheidungszeichens. Insbesondere und ohne Einschr\u00e4nkung, sind urheberrechtlich gesch\u00fctzt, Logos, Texte, Fotos, T\u00f6ne und andere Elemente auf der Website enthalten. In keinem Fall bedeutet der Zugriff oder [&hellip;]<\/p>\n","protected":false},"author":3,"featured_media":0,"parent":0,"menu_order":0,"comment_status":"closed","ping_status":"closed","template":"","meta":{"_et_pb_use_builder":"on","_et_pb_old_content":"","_et_gb_content_width":"","footnotes":""},"class_list":["post-1864","page","type-page","status-publish","hentry"],"_links":{"self":[{"href":"https:\/\/arttalo-tech.com\/de\/wp-json\/wp\/v2\/pages\/1864","targetHints":{"allow":["GET"]}}],"collection":[{"href":"https:\/\/arttalo-tech.com\/de\/wp-json\/wp\/v2\/pages"}],"about":[{"href":"https:\/\/arttalo-tech.com\/de\/wp-json\/wp\/v2\/types\/page"}],"author":[{"embeddable":true,"href":"https:\/\/arttalo-tech.com\/de\/wp-json\/wp\/v2\/users\/3"}],"replies":[{"embeddable":true,"href":"https:\/\/arttalo-tech.com\/de\/wp-json\/wp\/v2\/comments?post=1864"}],"version-history":[{"count":4,"href":"https:\/\/arttalo-tech.com\/de\/wp-json\/wp\/v2\/pages\/1864\/revisions"}],"predecessor-version":[{"id":9523,"href":"https:\/\/arttalo-tech.com\/de\/wp-json\/wp\/v2\/pages\/1864\/revisions\/9523"}],"wp:attachment":[{"href":"https:\/\/arttalo-tech.com\/de\/wp-json\/wp\/v2\/media?parent=1864"}],"curies":[{"name":"wp","href":"https:\/\/api.w.org\/{rel}","templated":true}]}}