{"id":1861,"date":"2023-12-18T14:14:04","date_gmt":"2023-12-18T12:14:04","guid":{"rendered":"https:\/\/arttalo-tech.com\/datenschutzrichtlinie\/"},"modified":"2024-11-14T09:39:18","modified_gmt":"2024-11-14T07:39:18","slug":"datenschutzrichtlinie","status":"publish","type":"page","link":"https:\/\/arttalo-tech.com\/de\/datenschutzrichtlinie\/","title":{"rendered":"Datenschutzrichtlinie"},"content":{"rendered":"<p>[et_pb_section fb_built=&#8220;1&#8243; _builder_version=&#8220;4.22.1&#8243; _module_preset=&#8220;default&#8220; global_colors_info=&#8220;{}&#8220;][et_pb_row _builder_version=&#8220;4.22.1&#8243; _module_preset=&#8220;default&#8220; global_colors_info=&#8220;{}&#8220;][et_pb_column type=&#8220;4_4&#8243; _builder_version=&#8220;4.22.1&#8243; _module_preset=&#8220;default&#8220; global_colors_info=&#8220;{}&#8220;][et_pb_text _builder_version=&#8220;4.25.1&#8243; _module_preset=&#8220;default&#8220; custom_padding=&#8220;100px||||false|false&#8220; hover_enabled=&#8220;0&#8243; global_colors_info=&#8220;{}&#8220; module_class=&#8220;pagines-legals&#8220; sticky_enabled=&#8220;0&#8243;]<\/p>\n<h1>Datenschutzrichtlinie<\/h1>\n<p>In \u00dcbereinstimmung mit der VERORDNUNG (EU) 2016\/679 DES EUROP\u00c4ISCHEN PARLAMENTS UND DES RATES vom 27. April 2016 zum Schutz nat\u00fcrlicher Personen bei der Verarbeitung personenbezogener Daten und dem freien Datenverkehr sowie dem Organgesetz 3\/2018 vom 5. Dezember \u00fcber den Schutz personenbezogener Daten und die Gew\u00e4hrleistung digitaler Rechte werden Sie dar\u00fcber informiert, dass die von Ihnen \u00fcber diese Website (im Folgenden die Website) bereitgestellten personenbezogenen Daten wie folgt verarbeitet werden:<\/p>\n<h2>Verantwortlich f\u00fcr die Behandlung<\/h2>\n<p>Die \u00fcber diese Website erhobenen personenbezogenen Daten werden von arttalo TECH, E-Mail: <a href=\"mailto:company@arttalo-tech.com\" target=\"_blank\" rel=\"noopener\">company@arttalo-tech.com<\/a>, verarbeitet.<\/p>\n<h2>Behandlungszwecke<\/h2>\n<p>Um Sie \u00fcber unsere Produkte und Dienstleistungen zu informieren, wenn Sie dies \u00fcber die Formulare auf der Website oder per E-Mail w\u00fcnschen.<br \/>Beantwortung und Verwaltung Ihrer Anfragen, Kommentare und Vorschl\u00e4ge, falls vorhanden.<br \/>Zur Verwaltung Ihrer Teilnahme an laufenden und k\u00fcnftigen Auswahlverfahren, wenn Sie uns Ihre Daten (einschlie\u00dflich Ihres Lebenslaufs) zu diesem Zweck \u00fcbermitteln.<br \/>Um Informationen \u00fcber die Nutzung der Website zu erhalten, werden die Anzahl der besuchten Seiten, die Anzahl der Besuche sowie die Aktivit\u00e4t der Besucher und ihre Nutzungsh\u00e4ufigkeit analysiert. Zu diesem Zweck verwendet der VERANTWORTLICHE statistische Informationen des Internetdienstanbieters, die zu keinem Zeitpunkt eine Identifizierung der betroffenen Person zulassen.<\/p>\n<h2>Legitimation<\/h2>\n<p>Berechtigtes Interesse des Verantwortlichen. Die Verarbeitung der \u00fcber die Website erhobenen statistischen Informationen erfolgt auf Grundlage des berechtigten Interesses des Verantwortlichen. Diese Informationen erm\u00f6glichen keine Identifizierung des Nutzers.  <\/p>\n<h2>Empf\u00e4nger<\/h2>\n<p>Personenbezogene Daten, die \u00fcber die Website erhoben werden, werden nicht an Dritte weitergegeben, es sei denn, es besteht eine gesetzliche Verpflichtung.<\/p>\n<h2>Erhaltung<\/h2>\n<p>Wenn der Benutzer seine Daten sendet, um mit dem VERANTWORTLICHEN Kontakt aufzunehmen, Fragen zu stellen oder Vorschl\u00e4ge zu unterbreiten, werden die Daten so lange aufbewahrt, wie es f\u00fcr diesen Zweck erforderlich ist und sich aus der Verarbeitung Verantwortlichkeiten ergeben k\u00f6nnen.<\/p>\n<p>Verkehrsdaten, Statistiken und Webbesuche: Die Daten werden f\u00fcr einen Zeitraum von drei Jahren gespeichert.<\/p>\n<h2>Rechte<\/h2>\n<p>Sie k\u00f6nnen Ihr Recht auf Zugang, Berichtigung, L\u00f6schung und \u00dcbertragbarkeit Ihrer Daten sowie auf Einschr\u00e4nkung und Widerspruch gegen deren Verarbeitung aus\u00fcben, indem Sie ein an arttalo TECH gerichtetes Schreiben zusammen mit einem offiziellen Dokument, das Sie identifiziert, beif\u00fcgen.<\/p>\n<p>E-Mail: <a href=\"mailto:company@arttalo-tech.com\" target=\"_blank\" rel=\"noopener\">company@arttalo-tech.com<\/a>. Im Falle einer Unstimmigkeit mit der Behandlung haben Sie auch das Recht, eine Beschwerde bei der spanischen Datenschutzbeh\u00f6rde (<a href=\"https:\/\/www.aepd.es\/\" target=\"_blank\" rel=\"noopener\">www.aepd.es<\/a>) einzureichen.<\/p>\n<h2>Schutzpolitik f\u00fcr Minderj\u00e4hrige<\/h2>\n<p>Wer die Daten \u00fcber die Formulare auf dieser Website bereitstellt und deren Verarbeitung akzeptiert, erkl\u00e4rt offiziell, \u00fcber 14 Jahre alt zu sein.<\/p>\n<p>Der Zugang und die Nutzung des Portals ist Minderj\u00e4hrigen unter 14 Jahren untersagt.<\/p>\n<p>Die VERANTWORTLICHE PARTEI erinnert Erwachsene, die Minderj\u00e4hrige in ihrer Obhut haben, daran, dass sie die alleinige Verantwortung tragen, wenn ein Minderj\u00e4hriger ihre Daten eingibt, um ein Produkt anzufordern.<\/p>\n<p>Au\u00dferdem werden sie dar\u00fcber informiert, dass es Computerprogramme gibt, die das Surfen durch das Filtern oder Blockieren bestimmter Inhalte einschr\u00e4nken.<\/p>\n<p>Verarbeitung im Zusammenhang mit der Nutzung sozialer Medien<\/p>\n<p>Indem Sie unserem Profil in sozialen Netzwerken folgen, erkl\u00e4ren Sie sich ausdr\u00fccklich mit der Verarbeitung Ihrer personenbezogenen Daten in \u00dcbereinstimmung mit den Datenschutzbestimmungen des jeweiligen sozialen Netzwerks einverstanden. Sie erkl\u00e4ren sich au\u00dferdem ausdr\u00fccklich damit einverstanden, dass der VERANTWORTLICHE auf die Verarbeitung Ihrer in Ihrem Profil enthaltenen Daten zugreift und dass Nachrichten \u00fcber Produkte des VERANTWORTLICHEN auf Ihrer Pinnwand ver\u00f6ffentlicht werden. Ihr Antrag auf Verbindung setzt zwangsl\u00e4ufig Ihre Zustimmung zu der oben genannten Verarbeitung voraus, die die Rechtsgrundlage f\u00fcr die Verarbeitung darstellt. Die Daten werden so lange aufbewahrt, wie die betroffene Person nicht widerspricht oder ihre Einwilligung widerruft, die jederzeit widerrufen werden kann.<\/p>\n<p>Kommentare und Inhalte, die in sozialen Netzwerken gepostet werden, werden zu \u00f6ffentlichen Informationen, so dass die Nutzer besonders vorsichtig sein sollten, wenn sie sich entscheiden, ihre pers\u00f6nlichen Informationen zu teilen. Die VERANTWORTLICHE PARTEI ist nicht f\u00fcr die Informationen verantwortlich, die die Nutzer auf der Website ver\u00f6ffentlichen. Personen, deren personenbezogene Daten ver\u00f6ffentlicht oder in Kommentare aufgenommen wurden, k\u00f6nnen jedoch den VERANTWORTLICHEN auffordern, diese Daten zu l\u00f6schen.<\/p>\n<p>[\/et_pb_text][\/et_pb_column][\/et_pb_row][\/et_pb_section]<\/p>\n","protected":false},"excerpt":{"rendered":"<p>Datenschutzrichtlinie In \u00dcbereinstimmung mit der VERORDNUNG (EU) 2016\/679 DES EUROP\u00c4ISCHEN PARLAMENTS UND DES RATES vom 27. April 2016 zum Schutz nat\u00fcrlicher Personen bei der Verarbeitung personenbezogener Daten und dem freien Datenverkehr sowie dem Organgesetz 3\/2018 vom 5. Dezember \u00fcber den Schutz personenbezogener Daten und die Gew\u00e4hrleistung digitaler Rechte werden Sie dar\u00fcber informiert, dass die von [&hellip;]<\/p>\n","protected":false},"author":3,"featured_media":0,"parent":0,"menu_order":0,"comment_status":"closed","ping_status":"closed","template":"","meta":{"_et_pb_use_builder":"on","_et_pb_old_content":"","_et_gb_content_width":"","footnotes":""},"class_list":["post-1861","page","type-page","status-publish","hentry"],"_links":{"self":[{"href":"https:\/\/arttalo-tech.com\/de\/wp-json\/wp\/v2\/pages\/1861","targetHints":{"allow":["GET"]}}],"collection":[{"href":"https:\/\/arttalo-tech.com\/de\/wp-json\/wp\/v2\/pages"}],"about":[{"href":"https:\/\/arttalo-tech.com\/de\/wp-json\/wp\/v2\/types\/page"}],"author":[{"embeddable":true,"href":"https:\/\/arttalo-tech.com\/de\/wp-json\/wp\/v2\/users\/3"}],"replies":[{"embeddable":true,"href":"https:\/\/arttalo-tech.com\/de\/wp-json\/wp\/v2\/comments?post=1861"}],"version-history":[{"count":4,"href":"https:\/\/arttalo-tech.com\/de\/wp-json\/wp\/v2\/pages\/1861\/revisions"}],"predecessor-version":[{"id":9502,"href":"https:\/\/arttalo-tech.com\/de\/wp-json\/wp\/v2\/pages\/1861\/revisions\/9502"}],"wp:attachment":[{"href":"https:\/\/arttalo-tech.com\/de\/wp-json\/wp\/v2\/media?parent=1861"}],"curies":[{"name":"wp","href":"https:\/\/api.w.org\/{rel}","templated":true}]}}