{"id":1858,"date":"2023-12-18T13:56:35","date_gmt":"2023-12-18T12:56:35","guid":{"rendered":"https:\/\/arttalo-tech.com\/cookie-richtlinie\/"},"modified":"2025-11-11T10:27:08","modified_gmt":"2025-11-11T09:27:08","slug":"cookie-richtlinie","status":"publish","type":"page","link":"https:\/\/arttalo-tech.com\/de\/cookie-richtlinie\/","title":{"rendered":"Cookie-Richtlinie"},"content":{"rendered":"<p>[et_pb_section fb_built=&#8220;1&#8243; _builder_version=&#8220;4.16&#8243; global_colors_info=&#8220;{}&#8220;][et_pb_row _builder_version=&#8220;4.16&#8243; background_size=&#8220;initial&#8220; background_position=&#8220;top_left&#8220; background_repeat=&#8220;repeat&#8220; global_colors_info=&#8220;{}&#8220;][et_pb_column type=&#8220;4_4&#8243; _builder_version=&#8220;4.16&#8243; custom_padding=&#8220;|||&#8220; global_colors_info=&#8220;{}&#8220; custom_padding__hover=&#8220;|||&#8220;][et_pb_text module_class=&#8220;pagines-legals&#8220; _builder_version=&#8220;4.27.4&#8243; background_size=&#8220;initial&#8220; background_position=&#8220;top_left&#8220; background_repeat=&#8220;repeat&#8220; custom_padding=&#8220;100px||||false|false&#8220; hover_enabled=&#8220;0&#8243; global_colors_info=&#8220;{}&#8220; sticky_enabled=&#8220;0&#8243;]<\/p>\n<h1>Cookie-Richtlinie<\/h1>\n<h2>\u00dcber diese Cookie-Richtlinie<\/h2>\n<p>Diese Website verwendet eigene Cookies und Cookies von Drittanbietern, um Ihnen ein besseres Erlebnis und einen besseren Service zu bieten. Durch das Surfen oder die Nutzung unserer Dienste akzeptiert der Benutzer die Verwendung von Cookies. Der Nutzer hat jedoch die M\u00f6glichkeit, die Erzeugung von Cookies und deren L\u00f6schung zu verhindern, indem er die entsprechende Option ausw\u00e4hlt. Weitere Informationen dar\u00fcber, wer wir sind, wie Sie mit uns Kontakt aufnehmen k\u00f6nnen und wie wir Ihre personenbezogenen Daten verarbeiten, finden Sie in unserer <a href=\"https:\/\/arttalo-tech.com\/de\/datenschutzrichtlinie\/\">Datenschutzerkl\u00e4rung<\/a>.<br \/>\nIhre Einwilligung gilt f\u00fcr die folgenden Domains: <a href=\"https:\/\/arttalo-tech.com\/de\/\">arttalo-tech.com<\/a> [user_consent_state]<\/p>\n<h2>Was sind Cookies?<\/h2>\n<p>Cookies sind kleine Textdateien, die dazu dienen, kleine Informationen zu speichern. Cookies werden auf Ihrem Ger\u00e4t gespeichert, wenn die Website in Ihrem Browser geladen wird. Diese Cookies helfen uns, die Website ordnungsgem\u00e4\u00df zu betreiben, sie sicherer zu machen, ein besseres Benutzererlebnis zu bieten und zu verstehen, wie die Website funktioniert und zu analysieren, was funktioniert und wo sie verbessert werden kann.  <\/p>\n<h2>Wie verwenden wir Cookies?<\/h2>\n<p>Wie die meisten Online-Dienste verwendet auch unsere Website Cookies von Erstanbietern und Drittanbietern f\u00fcr verschiedene Zwecke. Erstanbieter-Cookies sind in erster Linie notwendig, damit die Website ordnungsgem\u00e4\u00df funktioniert, und erfassen keine personenbezogenen Daten von Ihnen. Cookies von Drittanbietern, die auf unseren Websites verwendet werden, dienen in erster Linie dazu, zu verstehen, wie die Website funktioniert, wie Sie mit unserer Website interagieren, unsere Dienste sicher zu halten und Ihnen relevante Werbung zu zeigen. Kurz gesagt, all dies geschieht, um Ihnen ein besseres Benutzererlebnis zu bieten und Ihre zuk\u00fcnftigen Interaktionen mit unserer Website zu beschleunigen.   <\/p>\n<h2>Welche Arten von Cookies verwenden wir?<\/h2>\n<p>In der folgenden Liste sind die auf unserer Website verwendeten Cookies aufgef\u00fchrt. [wcc_category_list]<\/p>\n<h2>Wie kann ich die Cookie-Einstellungen steuern?<\/h2>\n<p>Sie k\u00f6nnen Ihre Cookie-Einstellungen verwalten, indem Sie auf die Schaltfl\u00e4che \u201eEinstellungen\u201c klicken und die Cookie-Kategorien im Popup-Fenster entsprechend Ihren Pr\u00e4ferenzen aktivieren oder deaktivieren. Wenn Sie Ihre Einstellungen sp\u00e4ter w\u00e4hrend Ihrer Browsersitzung \u00e4ndern m\u00f6chten, k\u00f6nnen Sie auf Ihrem Bildschirm auf die Registerkarte \u201eEinwilligung verwalten\u201c klicken. Dadurch wird die Einwilligungserkl\u00e4rung erneut angezeigt und Sie k\u00f6nnen Ihre Pr\u00e4ferenzen \u00e4ndern oder Ihre Einwilligung vollst\u00e4ndig widerrufen. Dar\u00fcber hinaus bieten verschiedene Browser unterschiedliche Methoden zum Blockieren und L\u00f6schen von Cookies, die von Websites verwendet werden. Sie k\u00f6nnen Ihre Browsereinstellungen \u00e4ndern, um Cookies zu blockieren\/l\u00f6schen.<br \/>\nWeitere Informationen zum Verwalten und L\u00f6schen von Cookies finden Sie unter <a href=\"http:\/\/wikipedia.org\" target=\"_blank\" rel=\"noopener\">wikipedia.org<\/a>, <a href=\"http:\/\/www.allaboutcookies.org\" target=\"_blank\" rel=\"noopener\">www.allaboutcookies.org<\/a>.[\/et_pb_text][\/et_pb_column][\/et_pb_row][\/et_pb_section]<\/p>\n","protected":false},"excerpt":{"rendered":"<p>Cookie-Richtlinie \u00dcber diese Cookie-Richtlinie Diese Website verwendet eigene Cookies und Cookies von Drittanbietern, um Ihnen ein besseres Erlebnis und einen besseren Service zu bieten. Durch das Surfen oder die Nutzung unserer Dienste akzeptiert der Benutzer die Verwendung von Cookies. Der Nutzer hat jedoch die M\u00f6glichkeit, die Erzeugung von Cookies und deren L\u00f6schung zu verhindern, indem [&hellip;]<\/p>\n","protected":false},"author":3,"featured_media":0,"parent":0,"menu_order":0,"comment_status":"closed","ping_status":"closed","template":"","meta":{"_et_pb_use_builder":"on","_et_pb_old_content":"","_et_gb_content_width":"","footnotes":""},"class_list":["post-1858","page","type-page","status-publish","hentry"],"_links":{"self":[{"href":"https:\/\/arttalo-tech.com\/de\/wp-json\/wp\/v2\/pages\/1858","targetHints":{"allow":["GET"]}}],"collection":[{"href":"https:\/\/arttalo-tech.com\/de\/wp-json\/wp\/v2\/pages"}],"about":[{"href":"https:\/\/arttalo-tech.com\/de\/wp-json\/wp\/v2\/types\/page"}],"author":[{"embeddable":true,"href":"https:\/\/arttalo-tech.com\/de\/wp-json\/wp\/v2\/users\/3"}],"replies":[{"embeddable":true,"href":"https:\/\/arttalo-tech.com\/de\/wp-json\/wp\/v2\/comments?post=1858"}],"version-history":[{"count":11,"href":"https:\/\/arttalo-tech.com\/de\/wp-json\/wp\/v2\/pages\/1858\/revisions"}],"predecessor-version":[{"id":11159,"href":"https:\/\/arttalo-tech.com\/de\/wp-json\/wp\/v2\/pages\/1858\/revisions\/11159"}],"wp:attachment":[{"href":"https:\/\/arttalo-tech.com\/de\/wp-json\/wp\/v2\/media?parent=1858"}],"curies":[{"name":"wp","href":"https:\/\/api.w.org\/{rel}","templated":true}]}}