{"id":11540,"date":"2026-05-12T11:23:46","date_gmt":"2026-05-12T09:23:46","guid":{"rendered":"https:\/\/arttalo-tech.com\/arbeiten-sie-mit-uns\/"},"modified":"2026-05-14T11:30:27","modified_gmt":"2026-05-14T09:30:27","slug":"arbeiten-sie-mit-uns","status":"publish","type":"page","link":"https:\/\/arttalo-tech.com\/de\/arbeiten-sie-mit-uns\/","title":{"rendered":"Arbeiten Sie mit uns"},"content":{"rendered":"<p>[et_pb_section fb_built=&#8220;1&#8243; _builder_version=&#8220;4.22.1&#8243; _module_preset=&#8220;3a5c9430-5c44-43ea-a28a-f391495e4ac6&#8243; global_colors_info=&#8220;{}&#8220; locked=&#8220;off&#8220;][et_pb_row column_structure=&#8220;3_5,2_5&#8243; make_equal=&#8220;on&#8220; _builder_version=&#8220;4.22.1&#8243; _module_preset=&#8220;116a3e23-856e-47a6-b032-422e70e06942&#8243; custom_css_main_element=&#8220;align-items:center&#8220; global_colors_info=&#8220;{}&#8220;][et_pb_column type=&#8220;3_5&#8243; _builder_version=&#8220;4.22.1&#8243; _module_preset=&#8220;default&#8220; global_colors_info=&#8220;{}&#8220;][et_pb_text _builder_version=&#8220;4.27.6&#8243; _module_preset=&#8220;484b3f98-be1e-4a06-ab81-fffdb7c1b662&#8243; hover_enabled=&#8220;0&#8243; global_colors_info=&#8220;{}&#8220; sticky_enabled=&#8220;0&#8243;]<\/p>\n<h1>Arbeiten Sie mit uns<\/h1>\n<p>[\/et_pb_text][\/et_pb_column][et_pb_column type=&#8220;2_5&#8243; _builder_version=&#8220;4.22.1&#8243; _module_preset=&#8220;default&#8220; global_colors_info=&#8220;{}&#8220;][\/et_pb_column][\/et_pb_row][\/et_pb_section][et_pb_section fb_built=&#8220;1&#8243; _builder_version=&#8220;4.27.6&#8243; _module_preset=&#8220;default&#8220; global_colors_info=&#8220;{}&#8220;][et_pb_row _builder_version=&#8220;4.27.6&#8243; _module_preset=&#8220;default&#8220; global_colors_info=&#8220;{}&#8220;][et_pb_column type=&#8220;4_4&#8243; _builder_version=&#8220;4.27.6&#8243; _module_preset=&#8220;default&#8220; global_colors_info=&#8220;{}&#8220;][et_pb_text _builder_version=&#8220;4.27.6&#8243; _module_preset=&#8220;default&#8220; global_colors_info=&#8220;{}&#8220;]<div class=\"dms3-ot-grid-layout dms3-ot-grid-layout--with-filters\" data-dms3-ot-grid-root=\"1\" data-per-page=\"9\" data-orderby=\"date\" data-order=\"DESC\" data-current-page=\"1\">\t\t<aside class=\"dms3-ot-filters dms3-ot-panel\" role=\"search\" aria-label=\"Angebote filtern\">\n\t\t\t<h2 class=\"dms3-ot-filters__title\">Filter<\/h2>\n\t\t\t<div class=\"dms3-ot-filters__form\">\n\t\t\t\t\t\t\t\t<fieldset class=\"dms3-ot-filters__group\">\n\t\t\t\t\t<legend class=\"dms3-ot-filters__legend\">Standort<\/legend>\n\t\t\t\t\t<ul class=\"dms3-ot-filters__checkboxes\">\n\t\t\t\t\t\t\t\t\t\t\t<li class=\"dms3-ot-filters__check-item\">\n\t\t\t\t\t\t<input\n\t\t\t\t\t\t\ttype=\"checkbox\"\n\t\t\t\t\t\t\tclass=\"dms3-ot-filters__cb\"\n\t\t\t\t\t\t\tid=\"dms3-ot-ubic-martorell\"\n\t\t\t\t\t\t\tdata-param=\"ubicacion\"\n\t\t\t\t\t\t\tvalue=\"martorell\"\n\t\t\t\t\t\t\t\t\t\t\t\t\t\/>\n\t\t\t\t\t\t<label class=\"dms3-ot-filters__check-label\" for=\"dms3-ot-ubic-martorell\">Martorell<\/label>\n\t\t\t\t\t<\/li>\n\t\t\t\t\t\t\t\t\t\t<\/ul>\n\t\t\t\t<\/fieldset>\n\t\t\t\t\t\t\t\t\t<fieldset class=\"dms3-ot-filters__group\">\n\t\t\t\t\t<legend class=\"dms3-ot-filters__legend\">Modalit\u00e4t<\/legend>\n\t\t\t\t\t<ul class=\"dms3-ot-filters__checkboxes\">\n\t\t\t\t\t\t\t\t\t\t\t<li class=\"dms3-ot-filters__check-item\">\n\t\t\t\t\t\t<input\n\t\t\t\t\t\t\ttype=\"checkbox\"\n\t\t\t\t\t\t\tclass=\"dms3-ot-filters__cb\"\n\t\t\t\t\t\t\tid=\"dms3-ot-mod-hibrido\"\n\t\t\t\t\t\t\tdata-param=\"modalidad\"\n\t\t\t\t\t\t\tvalue=\"hibrido\"\n\t\t\t\t\t\t\t\t\t\t\t\t\t\/>\n\t\t\t\t\t\t<label class=\"dms3-ot-filters__check-label\" for=\"dms3-ot-mod-hibrido\">Hybrid<\/label>\n\t\t\t\t\t<\/li>\n\t\t\t\t\t\t\t\t\t\t<\/ul>\n\t\t\t\t<\/fieldset>\n\t\t\t\t\t\t\t\t\t<div class=\"dms3-ot-filters__actions\">\n\t\t\t\t\t<button type=\"button\" class=\"dms3-ot-filters__clear\">L\u00f6schen<\/button>\n\t\t\t\t<\/div>\n\t\t\t<\/div>\n\t\t<\/aside>\n\t\t<div class=\"dms3-ot-grid-main\"><div class=\"dms3-ot-grid\"><a class=\"dms3-ot-card\" href=\"https:\/\/arttalo-tech.com\/de\/ofertas-trabajo\/gestor-a-de-textos-aleman\/\" aria-label=\"Angebot ansehen: Textmanager (Deutsch)\"><header class=\"dms3-ot-card__header\"><h3 class=\"dms3-ot-card__title\">Textmanager (Deutsch)<\/h3><\/header><ul class=\"dms3-ot-meta-list dms3-ot-meta-list--card\"><li class=\"dms3-ot-meta-list__item\"><span class=\"dms3-ot-meta-list__label\">Standort<\/span> <span class=\"dms3-ot-meta-list__value\">Martorell<\/span><\/li><\/ul><p class=\"dms3-ot-card__excerpt\">Sie werden daf\u00fcr verantwortlich sein, sicherzustellen, dass die deutschen Texte unserer Schnittstellen klar, pr\u00e4zise und stimmig sind. Sie werden nicht direkt \u00fcbersetzen, sondern den Prozess koordinieren, \u00fcberpr\u00fcfen und die sprachliche Qualit\u00e4t sicherstellen.<\/p><div class=\"dms3-ot-card__footer\"><p class=\"dms3-ot-card__published\"><span class=\"dms3-ot-card__published-prefix\">Ver\u00f6ffentlicht am<\/span> <time datetime=\"2026-05-12T09:21:11+00:00\">12. Mai 2026<\/time><\/p><span class=\"dms3-ot-card__cta\">Mehr Details<\/span><\/div><\/a><\/div><\/div><\/div>[\/et_pb_text][\/et_pb_column][\/et_pb_row][\/et_pb_section]<\/p>\n","protected":false},"excerpt":{"rendered":"<p>[et_pb_section fb_built=&#8220;1&#8243; _builder_version=&#8220;4.22.1&#8243; _module_preset=&#8220;3a5c9430-5c44-43ea-a28a-f391495e4ac6&#8243; global_colors_info=&#8220;{}&#8220; locked=&#8220;off&#8220;][et_pb_row column_structure=&#8220;3_5,2_5&#8243; make_equal=&#8220;on&#8220; _builder_version=&#8220;4.22.1&#8243; _module_preset=&#8220;116a3e23-856e-47a6-b032-422e70e06942&#8243; custom_css_main_element=&#8220;align-items:center&#8220; global_colors_info=&#8220;{}&#8220;][et_pb_column type=&#8220;3_5&#8243; _builder_version=&#8220;4.22.1&#8243; _module_preset=&#8220;default&#8220; global_colors_info=&#8220;{}&#8220;][et_pb_text _builder_version=&#8220;4.27.6&#8243; _module_preset=&#8220;484b3f98-be1e-4a06-ab81-fffdb7c1b662&#8243; hover_enabled=&#8220;0&#8243; global_colors_info=&#8220;{}&#8220; sticky_enabled=&#8220;0&#8243;] Arbeiten Sie mit uns [\/et_pb_text][\/et_pb_column][et_pb_column type=&#8220;2_5&#8243; _builder_version=&#8220;4.22.1&#8243; _module_preset=&#8220;default&#8220; global_colors_info=&#8220;{}&#8220;][\/et_pb_column][\/et_pb_row][\/et_pb_section][et_pb_section fb_built=&#8220;1&#8243; _builder_version=&#8220;4.27.6&#8243; _module_preset=&#8220;default&#8220; global_colors_info=&#8220;{}&#8220;][et_pb_row _builder_version=&#8220;4.27.6&#8243; _module_preset=&#8220;default&#8220; global_colors_info=&#8220;{}&#8220;][et_pb_column type=&#8220;4_4&#8243; _builder_version=&#8220;4.27.6&#8243; _module_preset=&#8220;default&#8220; global_colors_info=&#8220;{}&#8220;][et_pb_text _builder_version=&#8220;4.27.6&#8243; _module_preset=&#8220;default&#8220; global_colors_info=&#8220;{}&#8220;][\/et_pb_text][\/et_pb_column][\/et_pb_row][\/et_pb_section]<\/p>\n","protected":false},"author":3,"featured_media":0,"parent":0,"menu_order":0,"comment_status":"closed","ping_status":"closed","template":"","meta":{"_et_pb_use_builder":"on","_et_pb_old_content":"","_et_gb_content_width":"","footnotes":""},"class_list":["post-11540","page","type-page","status-publish","hentry"],"_links":{"self":[{"href":"https:\/\/arttalo-tech.com\/de\/wp-json\/wp\/v2\/pages\/11540","targetHints":{"allow":["GET"]}}],"collection":[{"href":"https:\/\/arttalo-tech.com\/de\/wp-json\/wp\/v2\/pages"}],"about":[{"href":"https:\/\/arttalo-tech.com\/de\/wp-json\/wp\/v2\/types\/page"}],"author":[{"embeddable":true,"href":"https:\/\/arttalo-tech.com\/de\/wp-json\/wp\/v2\/users\/3"}],"replies":[{"embeddable":true,"href":"https:\/\/arttalo-tech.com\/de\/wp-json\/wp\/v2\/comments?post=11540"}],"version-history":[{"count":2,"href":"https:\/\/arttalo-tech.com\/de\/wp-json\/wp\/v2\/pages\/11540\/revisions"}],"predecessor-version":[{"id":11542,"href":"https:\/\/arttalo-tech.com\/de\/wp-json\/wp\/v2\/pages\/11540\/revisions\/11542"}],"wp:attachment":[{"href":"https:\/\/arttalo-tech.com\/de\/wp-json\/wp\/v2\/media?parent=11540"}],"curies":[{"name":"wp","href":"https:\/\/api.w.org\/{rel}","templated":true}]}}